{"id":1333,"date":"2024-07-05T07:28:44","date_gmt":"2024-07-05T07:28:44","guid":{"rendered":"https:\/\/vrtilitoimisto.fi\/offerings\/"},"modified":"2024-09-14T14:02:47","modified_gmt":"2024-09-14T14:02:47","slug":"offerings","status":"publish","type":"page","link":"https:\/\/vrtilitoimisto.fi\/ro\/offerings\/","title":{"rendered":"Oferte"},"content":{"rendered":"<div class=\"wp-block-uagb-container uagb-block-2a911720 alignfull uagb-is-root-container\"><div class=\"uagb-container-inner-blocks-wrap\">\n<div class=\"wp-block-uagb-advanced-heading uagb-block-37007e46\"><h1 class=\"uagb-heading-text\">Servicii oferite<\/h1><\/div>\n<\/div><\/div>\n\n\n\n<div class=\"wp-block-uagb-container uagb-block-6b0a45b6 alignfull uagb-is-root-container\"><div class=\"uagb-container-inner-blocks-wrap\">\n<div class=\"wp-block-uagb-container uagb-block-83bd379f\">\n<div class=\"wp-block-uagb-container uagb-block-3f003211\">\n<div class=\"wp-block-uagb-info-box uagb-block-5a6a3882 uagb-infobox__content-wrap  uagb-infobox-icon-above-title uagb-infobox-image-valign-top\"><div class=\"uagb-ifb-content\"><div class=\"uagb-ifb-title-wrap\"><p class=\"uagb-ifb-title-prefix\">01<\/p><h2 class=\"uagb-ifb-title\">Contabilitate&amp;Facturare<\/h2><\/div><p class=\"uagb-ifb-desc\">Oferim servicii complete de contabilitate \u0219i facturare, inclusiv servicii de contabilitate, rapoarte lunare, situa\u021bii financiare \u0219i consultan\u021b\u0103.<\/p><\/div><\/div>\n<\/div>\n\n\n\n<div class=\"wp-block-uagb-image alignright uagb-block-32ab58fe wp-block-uagb-image--layout-default wp-block-uagb-image--effect-static wp-block-uagb-image--align-right\"><figure class=\"wp-block-uagb-image__figure\"><img decoding=\"async\" srcset=\"https:\/\/vrtilitoimisto.fi\/wp-content\/uploads\/2024\/07\/pexels-photo-6863254.jpeg ,https:\/\/vrtilitoimisto.fi\/wp-content\/uploads\/2024\/07\/pexels-photo-6863254.jpeg 780w, https:\/\/vrtilitoimisto.fi\/wp-content\/uploads\/2024\/07\/pexels-photo-6863254.jpeg 360w\" sizes=\"auto, (max-width: 480px) 150px\" src=\"https:\/\/vrtilitoimisto.fi\/wp-content\/uploads\/2024\/07\/pexels-photo-6863254.jpeg\" alt=\"\" class=\"uag-image-16\" width=\"560\" height=\"380\" title=\"\" loading=\"lazy\" role=\"img\"\/><\/figure><\/div>\n<\/div>\n\n\n\n<div class=\"wp-block-uagb-container uagb-block-5b0063ce\">\n<div class=\"wp-block-uagb-image alignleft uagb-block-fcfcefd9 wp-block-uagb-image--layout-default wp-block-uagb-image--effect-static wp-block-uagb-image--align-left\"><figure class=\"wp-block-uagb-image__figure\"><img decoding=\"async\" srcset=\"https:\/\/vrtilitoimisto.fi\/wp-content\/uploads\/2024\/07\/pexels-photo-8962474.jpeg ,https:\/\/vrtilitoimisto.fi\/wp-content\/uploads\/2024\/07\/pexels-photo-8962474.jpeg 780w, https:\/\/vrtilitoimisto.fi\/wp-content\/uploads\/2024\/07\/pexels-photo-8962474.jpeg 360w\" sizes=\"auto, (max-width: 480px) 150px\" src=\"https:\/\/vrtilitoimisto.fi\/wp-content\/uploads\/2024\/07\/pexels-photo-8962474.jpeg\" alt=\"\" class=\"uag-image-17\" width=\"560\" height=\"380\" title=\"\" loading=\"lazy\" role=\"img\"\/><\/figure><\/div>\n\n\n\n<div class=\"wp-block-uagb-container uagb-block-8e8be07f\">\n<div class=\"wp-block-uagb-info-box uagb-block-bb00902d uagb-infobox__content-wrap  uagb-infobox-icon-above-title uagb-infobox-image-valign-top\"><div class=\"uagb-ifb-content\"><div class=\"uagb-ifb-title-wrap\"><p class=\"uagb-ifb-title-prefix\">02<\/p><h2 class=\"uagb-ifb-title\">Consultan\u021b\u0103 fiscal\u0103<\/h2><\/div><p class=\"uagb-ifb-desc\">Oferim consultan\u021b\u0103 complet\u0103 cu privire la aspectele fiscale \u0219i suntem responsabili pentru \u00eentocmirea la timp \u0219i cu exactitate a declara\u021biilor fiscale.<\/p><\/div><\/div>\n<\/div>\n<\/div>\n\n\n\n<div class=\"wp-block-uagb-container uagb-block-6144972b\">\n<div class=\"wp-block-uagb-container uagb-block-37e0bb2e\">\n<div class=\"wp-block-uagb-info-box uagb-block-10411b91 uagb-infobox__content-wrap  uagb-infobox-icon-above-title uagb-infobox-image-valign-top\"><div class=\"uagb-ifb-content\"><div class=\"uagb-ifb-title-wrap\"><p class=\"uagb-ifb-title-prefix\">03<\/p><h2 class=\"uagb-ifb-title\">Servicii de calculare a salariilor<\/h2><\/div><p class=\"uagb-ifb-desc\">Oferim servicii de externalizare a salariz\u0103rii cu grij\u0103 \u0219i acurate\u021be, asigur\u00e2nd \u00eentotdeauna pl\u0103\u021bile salariale la timp \u0219i respectarea reglement\u0103rilor oficiale.<\/p><\/div><\/div>\n<\/div>\n\n\n\n<div class=\"wp-block-uagb-image alignright uagb-block-94ca89bf wp-block-uagb-image--layout-default wp-block-uagb-image--effect-static wp-block-uagb-image--align-right\"><figure class=\"wp-block-uagb-image__figure\"><img decoding=\"async\" srcset=\"https:\/\/vrtilitoimisto.fi\/wp-content\/uploads\/2024\/07\/pexels-photo-6863250.jpeg ,https:\/\/vrtilitoimisto.fi\/wp-content\/uploads\/2024\/07\/pexels-photo-6863250.jpeg 780w, https:\/\/vrtilitoimisto.fi\/wp-content\/uploads\/2024\/07\/pexels-photo-6863250.jpeg 360w\" sizes=\"auto, (max-width: 480px) 150px\" src=\"https:\/\/vrtilitoimisto.fi\/wp-content\/uploads\/2024\/07\/pexels-photo-6863250.jpeg\" alt=\"\" class=\"uag-image-10\" width=\"560\" height=\"380\" title=\"\" loading=\"lazy\" role=\"img\"\/><\/figure><\/div>\n<\/div>\n\n\n\n<div class=\"wp-block-uagb-container uagb-block-299c1865\">\n<div class=\"wp-block-uagb-image alignleft uagb-block-f4013f1e wp-block-uagb-image--layout-default wp-block-uagb-image--effect-static wp-block-uagb-image--align-left\"><figure class=\"wp-block-uagb-image__figure\"><img decoding=\"async\" srcset=\"https:\/\/vrtilitoimisto.fi\/wp-content\/uploads\/2024\/07\/pexels-photo-6863175.jpeg ,https:\/\/vrtilitoimisto.fi\/wp-content\/uploads\/2024\/07\/pexels-photo-6863175.jpeg 780w, https:\/\/vrtilitoimisto.fi\/wp-content\/uploads\/2024\/07\/pexels-photo-6863175.jpeg 360w\" sizes=\"auto, (max-width: 480px) 150px\" src=\"https:\/\/vrtilitoimisto.fi\/wp-content\/uploads\/2024\/07\/pexels-photo-6863175.jpeg\" alt=\"\" class=\"uag-image-11\" width=\"560\" height=\"380\" title=\"\" loading=\"lazy\" role=\"img\"\/><\/figure><\/div>\n\n\n\n<div class=\"wp-block-uagb-container uagb-block-0fd7333b\">\n<div class=\"wp-block-uagb-info-box uagb-block-27516f08 uagb-infobox__content-wrap  uagb-infobox-icon-above-title uagb-infobox-image-valign-top\"><div class=\"uagb-ifb-content\"><div class=\"uagb-ifb-title-wrap\"><p class=\"uagb-ifb-title-prefix\">04<\/p><h2 class=\"uagb-ifb-title\">Servicii de consultanta<\/h2><\/div><p class=\"uagb-ifb-desc\">Consultan\u021b\u0103 de specialitate pentru dezvoltarea afacerilor, planificare fiscal\u0103 \u0219i management financiar.<\/p><\/div><\/div>\n<\/div>\n<\/div>\n<\/div><\/div>\n\n\n\n<div class=\"wp-block-uagb-container uagb-block-43f78ea6 alignfull uagb-is-root-container\"><div class=\"uagb-container-inner-blocks-wrap\">\n<div class=\"wp-block-uagb-info-box uagb-block-52cbc377 uagb-infobox__content-wrap  uagb-infobox-icon-above-title uagb-infobox-image-valign-top\"><div class=\"uagb-ifb-content\"><div class=\"uagb-ifb-title-wrap\"><h2 class=\"uagb-ifb-title\">Contacta\u0163i-ne<\/h2><\/div><p class=\"uagb-ifb-desc\">A\u021bi dori s\u0103 discut\u0103m mai multe despre nevoile dumneavoastr\u0103? Nu ezita\u021bi s\u0103 contacta\u021bi echipa noastr\u0103 de exper\u021bi \u0219i s\u0103 \u00eencepe\u021bi s\u0103 lucra\u021bi cu noi.<\/p><\/div><\/div>\n\n\n\n<div class=\"wp-block-uagb-buttons uagb-buttons__outer-wrap uagb-btn__default-btn uagb-btn-tablet__default-btn uagb-btn-mobile__default-btn uagb-block-f4d2bfe9\"><div class=\"uagb-buttons__wrap uagb-buttons-layout-wrap\">\n<div class=\"wp-block-uagb-buttons-child uagb-buttons__outer-wrap uagb-block-1b3b52ed wp-block-button\"><div class=\"uagb-button__wrapper\"><a class=\"uagb-buttons-repeater wp-block-button__link\" aria-label=\"\" href=\"\/ro\/contact\/\" rel=\"follow noopener\" target=\"_self\"><div class=\"uagb-button__link\">Incepe acum<\/div><\/a><\/div><\/div>\n<\/div><\/div>\n<\/div><\/div>","protected":false},"excerpt":{"rendered":"<p>Servicii oferite<\/p>","protected":false},"author":1,"featured_media":0,"parent":0,"menu_order":0,"comment_status":"closed","ping_status":"closed","template":"","meta":{"om_disable_all_campaigns":false,"_uag_custom_page_level_css":"","_monsterinsights_skip_tracking":false,"_monsterinsights_sitenote_active":false,"_monsterinsights_sitenote_note":"","_monsterinsights_sitenote_category":0,"site-sidebar-layout":"default","site-content-layout":"","ast-site-content-layout":"default","site-content-style":"default","site-sidebar-style":"default","ast-global-header-display":"","ast-banner-title-visibility":"","ast-main-header-display":"","ast-hfb-above-header-display":"","ast-hfb-below-header-display":"","ast-hfb-mobile-header-display":"","site-post-title":"disabled","ast-breadcrumbs-content":"","ast-featured-img":"","footer-sml-layout":"","ast-disable-related-posts":"","theme-transparent-header-meta":"","adv-header-id-meta":"","stick-header-meta":"","header-above-stick-meta":"","header-main-stick-meta":"","header-below-stick-meta":"","astra-migrate-meta-layouts":"set","ast-page-background-enabled":"default","ast-page-background-meta":{"desktop":{"background-color":"var(--ast-global-color-4)","background-image":"","background-repeat":"repeat","background-position":"center center","background-size":"auto","background-attachment":"scroll","background-type":"","background-media":"","overlay-type":"","overlay-color":"","overlay-opacity":"","overlay-gradient":""},"tablet":{"background-color":"","background-image":"","background-repeat":"repeat","background-position":"center center","background-size":"auto","background-attachment":"scroll","background-type":"","background-media":"","overlay-type":"","overlay-color":"","overlay-opacity":"","overlay-gradient":""},"mobile":{"background-color":"","background-image":"","background-repeat":"repeat","background-position":"center center","background-size":"auto","background-attachment":"scroll","background-type":"","background-media":"","overlay-type":"","overlay-color":"","overlay-opacity":"","overlay-gradient":""}},"ast-content-background-meta":{"desktop":{"background-color":"var(--ast-global-color-5)","background-image":"","background-repeat":"repeat","background-position":"center center","background-size":"auto","background-attachment":"scroll","background-type":"","background-media":"","overlay-type":"","overlay-color":"","overlay-opacity":"","overlay-gradient":""},"tablet":{"background-color":"var(--ast-global-color-5)","background-image":"","background-repeat":"repeat","background-position":"center center","background-size":"auto","background-attachment":"scroll","background-type":"","background-media":"","overlay-type":"","overlay-color":"","overlay-opacity":"","overlay-gradient":""},"mobile":{"background-color":"var(--ast-global-color-5)","background-image":"","background-repeat":"repeat","background-position":"center center","background-size":"auto","background-attachment":"scroll","background-type":"","background-media":"","overlay-type":"","overlay-color":"","overlay-opacity":"","overlay-gradient":""}},"footnotes":""},"class_list":["post-1333","page","type-page","status-publish","hentry"],"aioseo_notices":[],"uagb_featured_image_src":{"full":false,"thumbnail":false,"medium":false,"medium_large":false,"large":false,"1536x1536":false,"2048x2048":false,"trp-custom-language-flag":false},"uagb_author_info":{"display_name":"VRtilitoimisto","author_link":"https:\/\/vrtilitoimisto.fi\/ro\/author\/eugenboglaruyahoo-com\/"},"uagb_comment_info":0,"uagb_excerpt":"Palvelut","_links":{"self":[{"href":"https:\/\/vrtilitoimisto.fi\/ro\/wp-json\/wp\/v2\/pages\/1333","targetHints":{"allow":["GET"]}}],"collection":[{"href":"https:\/\/vrtilitoimisto.fi\/ro\/wp-json\/wp\/v2\/pages"}],"about":[{"href":"https:\/\/vrtilitoimisto.fi\/ro\/wp-json\/wp\/v2\/types\/page"}],"author":[{"embeddable":true,"href":"https:\/\/vrtilitoimisto.fi\/ro\/wp-json\/wp\/v2\/users\/1"}],"replies":[{"embeddable":true,"href":"https:\/\/vrtilitoimisto.fi\/ro\/wp-json\/wp\/v2\/comments?post=1333"}],"version-history":[{"count":3,"href":"https:\/\/vrtilitoimisto.fi\/ro\/wp-json\/wp\/v2\/pages\/1333\/revisions"}],"predecessor-version":[{"id":1385,"href":"https:\/\/vrtilitoimisto.fi\/ro\/wp-json\/wp\/v2\/pages\/1333\/revisions\/1385"}],"wp:attachment":[{"href":"https:\/\/vrtilitoimisto.fi\/ro\/wp-json\/wp\/v2\/media?parent=1333"}],"curies":[{"name":"wp","href":"https:\/\/api.w.org\/{rel}","templated":true}]}}