{"id":1332,"date":"2024-07-05T07:28:44","date_gmt":"2024-07-05T07:28:44","guid":{"rendered":"https:\/\/vrtilitoimisto.fi\/about-us\/"},"modified":"2024-07-05T07:28:49","modified_gmt":"2024-07-05T07:28:49","slug":"about-us","status":"publish","type":"page","link":"https:\/\/vrtilitoimisto.fi\/ro\/about-us\/","title":{"rendered":"About Us"},"content":{"rendered":"<div class=\"wp-block-uagb-container uagb-block-b9cc7a1c alignfull uagb-is-root-container\"><div class=\"uagb-container-inner-blocks-wrap\">\n<div class=\"wp-block-uagb-advanced-heading uagb-block-0ae51710\"><h1 class=\"uagb-heading-text\">Prezentare generala<\/h1><\/div>\n<\/div><\/div>\n\n\n\n<div class=\"wp-block-uagb-container uagb-block-5f7f6f03 alignfull uagb-is-root-container\"><div class=\"uagb-container-inner-blocks-wrap\">\n<div class=\"wp-block-uagb-image alignleft uagb-block-6c4d1c39 wp-block-uagb-image--layout-default wp-block-uagb-image--effect-static wp-block-uagb-image--align-left\"><figure class=\"wp-block-uagb-image__figure\"><img decoding=\"async\" srcset=\"https:\/\/vrtilitoimisto.fi\/wp-content\/uploads\/2024\/07\/pexels-photo-6801680.jpeg , https:\/\/vrtilitoimisto.fi\/wp-content\/uploads\/2024\/07\/pexels-photo-6801680.jpeg 360w\" sizes=\"auto, (max-width: 480px) 150px\" src=\"https:\/\/vrtilitoimisto.fi\/wp-content\/uploads\/2024\/07\/pexels-photo-6801680.jpeg\" alt=\"\" class=\"uag-image-12\" width=\"560\" height=\"450\" title=\"\" loading=\"lazy\" role=\"img\"\/><\/figure><\/div>\n\n\n\n<div class=\"wp-block-uagb-container uagb-block-2cc2bc76\">\n<div class=\"wp-block-uagb-advanced-heading uagb-block-12fcb048\"><h2 class=\"uagb-heading-text\">Sa ne cunoastem<\/h2><p class=\"uagb-desc-text\">Avem ani de experien\u021b\u0103 \u00een domeniul contabilit\u0103\u021bii \u0219i oferim clien\u021bilor no\u0219tri servicii profesionale \u0219i de \u00eencredere.<\/p><\/div>\n\n\n\n<div class=\"wp-block-uagb-advanced-heading uagb-block-04903cec\"><p class=\"uagb-desc-text\">Clien\u021bii no\u0219tri apreciaz\u0103 expertiza \u0219i serviciile personalizate oferite de personalul nostru calificat.<\/p><\/div>\n<\/div>\n<\/div><\/div>\n\n\n\n<div class=\"wp-block-uagb-container uagb-block-0f99c3d5 alignfull uagb-is-root-container\"><div class=\"uagb-container-inner-blocks-wrap\">\n<div class=\"wp-block-uagb-advanced-heading uagb-block-d80d1198\"><div class=\"uagb-heading-text\">Avantaje<\/div><\/div>\n\n\n\n<div class=\"wp-block-uagb-advanced-heading uagb-block-6bcebb04\"><h2 class=\"uagb-heading-text\">Valoarea noastr\u0103 este calitatea oferita<\/h2><\/div>\n\n\n\n<div class=\"wp-block-uagb-container uagb-block-493f6ce1\">\n<div class=\"wp-block-uagb-container uagb-block-c0da353d\">\n<div class=\"wp-block-uagb-advanced-heading uagb-block-94acea8d\"><div class=\"uagb-heading-text\">01.<\/div><\/div>\n\n\n\n<div class=\"wp-block-uagb-advanced-heading uagb-block-cdc0f1b9\"><h3 class=\"uagb-heading-text\">Orientati spre solu\u021bii<\/h3><p class=\"uagb-desc-text\">Garant\u0103m servicii contabile precise \u0219i actualizate<\/p><\/div>\n<\/div>\n\n\n\n<div class=\"wp-block-uagb-container uagb-block-a44f5268\">\n<div class=\"wp-block-uagb-advanced-heading uagb-block-3acd47ef\"><div class=\"uagb-heading-text\">02.<\/div><\/div>\n\n\n\n<div class=\"wp-block-uagb-advanced-heading uagb-block-fd65736d\"><h3 class=\"uagb-heading-text\">Flexibilitate<\/h3><p class=\"uagb-desc-text\">Oferim servicii pentru rapide \u0219i eficiente clientilor<\/p><\/div>\n<\/div>\n\n\n\n<div class=\"wp-block-uagb-container uagb-block-b3c03ce4\">\n<div class=\"wp-block-uagb-advanced-heading uagb-block-c5d4336e\"><div class=\"uagb-heading-text\">03.<\/div><\/div>\n\n\n\n<div class=\"wp-block-uagb-advanced-heading uagb-block-3d3e70a3\"><h3 class=\"uagb-heading-text\">Inovatie<\/h3><p class=\"uagb-desc-text\">Ne concentr\u0103m pe consultan\u021b\u0103 individual\u0103 \u0219i personalizat\u0103<\/p><\/div>\n<\/div>\n<\/div>\n<\/div><\/div>\n\n\n\n<div class=\"wp-block-uagb-container uagb-block-43f78ea6 alignfull uagb-is-root-container\"><div class=\"uagb-container-inner-blocks-wrap\">\n<div class=\"wp-block-uagb-info-box uagb-block-52cbc377 uagb-infobox__content-wrap  uagb-infobox-icon-above-title uagb-infobox-image-valign-top\"><div class=\"uagb-ifb-content\"><div class=\"uagb-ifb-title-wrap\"><h2 class=\"uagb-ifb-title\">Contacta\u0163i-ne<\/h2><\/div><p class=\"uagb-ifb-desc\">A\u021bi dori s\u0103 discut\u0103m mai multe despre nevoile dumneavoastr\u0103? Nu ezita\u021bi s\u0103 contacta\u021bi echipa noastr\u0103 de exper\u021bi \u0219i s\u0103 \u00eencepe\u021bi s\u0103 lucra\u021bi cu noi.<\/p><\/div><\/div>\n\n\n\n<div class=\"wp-block-uagb-buttons uagb-buttons__outer-wrap uagb-btn__default-btn uagb-btn-tablet__default-btn uagb-btn-mobile__default-btn uagb-block-f4d2bfe9\"><div class=\"uagb-buttons__wrap uagb-buttons-layout-wrap\">\n<div class=\"wp-block-uagb-buttons-child uagb-buttons__outer-wrap uagb-block-1b3b52ed wp-block-button\"><div class=\"uagb-button__wrapper\"><a class=\"uagb-buttons-repeater wp-block-button__link\" aria-label=\"\" href=\"\/ro\/contact\/\" rel=\"follow noopener\" target=\"_self\"><div class=\"uagb-button__link\">Incepe acum<\/div><\/a><\/div><\/div>\n<\/div><\/div>\n<\/div><\/div>","protected":false},"excerpt":{"rendered":"<p>Tilitoimiston esittely Tutustu meihin Meill\u00e4 on vuosien kokemus kirjanpidon alalta, ja tarjoamme asiakkaillemme ammattitaitoista ja luotettavaa palvelua. Asiakkaamme arvostavat osaavan henkil\u00f6kuntamme tuomaa asiantuntemusta ja yksil\u00f6llist\u00e4 palvelua. Edut Ainutlaatuinen arvomme 01. Ratkaisukeskeisyys Takaamme tarkat ja ajantasaiset kirjanpitopalvelut 02. Joustavuus Tarjoamme nopean ja tehokkaan asiakaspalvelun 03. Innovaatio Panostamme yksil\u00f6lliseen ja r\u00e4\u00e4t\u00e4l\u00f6ityyn neuvontaan<\/p>","protected":false},"author":1,"featured_media":0,"parent":0,"menu_order":0,"comment_status":"closed","ping_status":"closed","template":"","meta":{"om_disable_all_campaigns":false,"_uag_custom_page_level_css":"","_monsterinsights_skip_tracking":false,"_monsterinsights_sitenote_active":false,"_monsterinsights_sitenote_note":"","_monsterinsights_sitenote_category":0,"site-sidebar-layout":"default","site-content-layout":"","ast-site-content-layout":"default","site-content-style":"default","site-sidebar-style":"default","ast-global-header-display":"","ast-banner-title-visibility":"","ast-main-header-display":"","ast-hfb-above-header-display":"","ast-hfb-below-header-display":"","ast-hfb-mobile-header-display":"","site-post-title":"disabled","ast-breadcrumbs-content":"","ast-featured-img":"","footer-sml-layout":"","ast-disable-related-posts":"","theme-transparent-header-meta":"","adv-header-id-meta":"","stick-header-meta":"","header-above-stick-meta":"","header-main-stick-meta":"","header-below-stick-meta":"","astra-migrate-meta-layouts":"set","ast-page-background-enabled":"default","ast-page-background-meta":{"desktop":{"background-color":"var(--ast-global-color-4)","background-image":"","background-repeat":"repeat","background-position":"center center","background-size":"auto","background-attachment":"scroll","background-type":"","background-media":"","overlay-type":"","overlay-color":"","overlay-opacity":"","overlay-gradient":""},"tablet":{"background-color":"","background-image":"","background-repeat":"repeat","background-position":"center center","background-size":"auto","background-attachment":"scroll","background-type":"","background-media":"","overlay-type":"","overlay-color":"","overlay-opacity":"","overlay-gradient":""},"mobile":{"background-color":"","background-image":"","background-repeat":"repeat","background-position":"center center","background-size":"auto","background-attachment":"scroll","background-type":"","background-media":"","overlay-type":"","overlay-color":"","overlay-opacity":"","overlay-gradient":""}},"ast-content-background-meta":{"desktop":{"background-color":"var(--ast-global-color-5)","background-image":"","background-repeat":"repeat","background-position":"center center","background-size":"auto","background-attachment":"scroll","background-type":"","background-media":"","overlay-type":"","overlay-color":"","overlay-opacity":"","overlay-gradient":""},"tablet":{"background-color":"var(--ast-global-color-5)","background-image":"","background-repeat":"repeat","background-position":"center center","background-size":"auto","background-attachment":"scroll","background-type":"","background-media":"","overlay-type":"","overlay-color":"","overlay-opacity":"","overlay-gradient":""},"mobile":{"background-color":"var(--ast-global-color-5)","background-image":"","background-repeat":"repeat","background-position":"center center","background-size":"auto","background-attachment":"scroll","background-type":"","background-media":"","overlay-type":"","overlay-color":"","overlay-opacity":"","overlay-gradient":""}},"footnotes":""},"class_list":["post-1332","page","type-page","status-publish","hentry"],"aioseo_notices":[],"uagb_featured_image_src":{"full":false,"thumbnail":false,"medium":false,"medium_large":false,"large":false,"1536x1536":false,"2048x2048":false,"trp-custom-language-flag":false},"uagb_author_info":{"display_name":"VRtilitoimisto","author_link":"https:\/\/vrtilitoimisto.fi\/ro\/author\/eugenboglaruyahoo-com\/"},"uagb_comment_info":0,"uagb_excerpt":"Tilitoimiston esittely Tutustu meihin Meill\u00e4 on vuosien kokemus kirjanpidon alalta, ja tarjoamme asiakkaillemme ammattitaitoista ja luotettavaa palvelua. Asiakkaamme arvostavat osaavan henkil\u00f6kuntamme tuomaa asiantuntemusta ja yksil\u00f6llist\u00e4 palvelua. Edut Ainutlaatuinen arvomme 01. Ratkaisukeskeisyys Takaamme tarkat ja ajantasaiset kirjanpitopalvelut 02. Joustavuus Tarjoamme nopean ja tehokkaan asiakaspalvelun 03. Innovaatio Panostamme yksil\u00f6lliseen ja r\u00e4\u00e4t\u00e4l\u00f6ityyn neuvontaan","_links":{"self":[{"href":"https:\/\/vrtilitoimisto.fi\/ro\/wp-json\/wp\/v2\/pages\/1332","targetHints":{"allow":["GET"]}}],"collection":[{"href":"https:\/\/vrtilitoimisto.fi\/ro\/wp-json\/wp\/v2\/pages"}],"about":[{"href":"https:\/\/vrtilitoimisto.fi\/ro\/wp-json\/wp\/v2\/types\/page"}],"author":[{"embeddable":true,"href":"https:\/\/vrtilitoimisto.fi\/ro\/wp-json\/wp\/v2\/users\/1"}],"replies":[{"embeddable":true,"href":"https:\/\/vrtilitoimisto.fi\/ro\/wp-json\/wp\/v2\/comments?post=1332"}],"version-history":[{"count":2,"href":"https:\/\/vrtilitoimisto.fi\/ro\/wp-json\/wp\/v2\/pages\/1332\/revisions"}],"predecessor-version":[{"id":1355,"href":"https:\/\/vrtilitoimisto.fi\/ro\/wp-json\/wp\/v2\/pages\/1332\/revisions\/1355"}],"wp:attachment":[{"href":"https:\/\/vrtilitoimisto.fi\/ro\/wp-json\/wp\/v2\/media?parent=1332"}],"curies":[{"name":"wp","href":"https:\/\/api.w.org\/{rel}","templated":true}]}}