{"id":1330,"date":"2024-07-05T07:28:44","date_gmt":"2024-07-05T07:28:44","guid":{"rendered":"https:\/\/vrtilitoimisto.fi\/home\/"},"modified":"2024-09-14T13:38:24","modified_gmt":"2024-09-14T13:38:24","slug":"home","status":"publish","type":"page","link":"https:\/\/vrtilitoimisto.fi\/ro\/","title":{"rendered":"Acasa"},"content":{"rendered":"<div class=\"wp-block-uagb-container uagb-block-dba5be5a alignfull uagb-is-root-container\"><div class=\"uagb-container-inner-blocks-wrap\">\n<div class=\"wp-block-uagb-info-box uagb-block-7350c7ea uagb-infobox__content-wrap  uagb-infobox-icon-above-title uagb-infobox-image-valign-top wp-block-uagb-info-box--has-margin\"><div class=\"uagb-infobox-margin-wrapper\"><div class=\"uagb-ifb-content\"><div class=\"uagb-ifb-title-wrap\"><h1 class=\"uagb-ifb-title\">VR Birou de Contabilitate - Servicii contabile de incredere<\/h1><\/div><div class=\"uagb-ifb-button-wrapper wp-block-button\"><a href=\"\/ro\/contact\/\" class=\"uagb-infobox-cta-link wp-block-button__link\" target=\"_self\" rel=\"noopener noreferrer\" onclick=\"return true;\"><span class=\"uagb-inline-editing\">Incepe acum<\/span><\/a><\/div><\/div><\/div><\/div>\n\n\n\n<div class=\"wp-block-uagb-image aligncenter uagb-block-d66805a2 wp-block-uagb-image--layout-default wp-block-uagb-image--effect-static wp-block-uagb-image--align-center\"><figure class=\"wp-block-uagb-image__figure\"><img decoding=\"async\" srcset=\"https:\/\/vrtilitoimisto.fi\/wp-content\/uploads\/2024\/07\/pexels-photo-6863250.jpeg ,https:\/\/vrtilitoimisto.fi\/wp-content\/uploads\/2024\/07\/pexels-photo-6863250.jpeg 780w, https:\/\/vrtilitoimisto.fi\/wp-content\/uploads\/2024\/07\/pexels-photo-6863250.jpeg 360w\" sizes=\"auto, (max-width: 480px) 150px\" src=\"https:\/\/vrtilitoimisto.fi\/wp-content\/uploads\/2024\/07\/pexels-photo-6863250.jpeg\" alt=\"\" class=\"uag-image-10\" width=\"1200\" height=\"540\" title=\"\" loading=\"lazy\" role=\"img\"\/><\/figure><\/div>\n<\/div><\/div>\n\n\n\n<div class=\"wp-block-uagb-container uagb-block-0f99c3d5 alignfull uagb-is-root-container\"><div class=\"uagb-container-inner-blocks-wrap\">\n<div class=\"wp-block-uagb-advanced-heading uagb-block-d80d1198\"><div class=\"uagb-heading-text\">Punctele noastre forte<\/div><\/div>\n\n\n\n<div class=\"wp-block-uagb-advanced-heading uagb-block-6bcebb04\"><h2 class=\"uagb-heading-text\">Valorile noastre unice<\/h2><\/div>\n\n\n\n<div class=\"wp-block-uagb-container uagb-block-493f6ce1\">\n<div class=\"wp-block-uagb-container uagb-block-c0da353d\">\n<div class=\"wp-block-uagb-advanced-heading uagb-block-94acea8d\"><div class=\"uagb-heading-text\">01.<\/div><\/div>\n\n\n\n<div class=\"wp-block-uagb-advanced-heading uagb-block-cdc0f1b9\"><h3 class=\"uagb-heading-text\">Precizie<\/h3><p class=\"uagb-desc-text\">Garant\u0103m calcule impecabile de fiecare dat\u0103, astfel \u00eenc\u00e2t s\u0103 v\u0103 pute\u021bi concentra asupra afacerii dumneavoastr\u0103.<\/p><\/div>\n<\/div>\n\n\n\n<div class=\"wp-block-uagb-container uagb-block-a44f5268\">\n<div class=\"wp-block-uagb-advanced-heading uagb-block-3acd47ef\"><div class=\"uagb-heading-text\">02.<\/div><\/div>\n\n\n\n<div class=\"wp-block-uagb-advanced-heading uagb-block-fd65736d\"><h3 class=\"uagb-heading-text\">Relatia cu clientii<\/h3><p class=\"uagb-desc-text\">Oferim servicii prietenoase \u0219i profesionale clientilor nostri si suntem pregatiti mereu s\u0103 v\u0103 ajutam.<\/p><\/div>\n<\/div>\n\n\n\n<div class=\"wp-block-uagb-container uagb-block-b3c03ce4\">\n<div class=\"wp-block-uagb-advanced-heading uagb-block-c5d4336e\"><div class=\"uagb-heading-text\">03.<\/div><\/div>\n\n\n\n<div class=\"wp-block-uagb-advanced-heading uagb-block-3d3e70a3\"><h3 class=\"uagb-heading-text\">Incredere<\/h3><p class=\"uagb-desc-text\">Ne baz\u0103m pe experien\u021ba \u0219i expertiza noastr\u0103 \u00eendelungat\u0103 pentru a v\u0103 oferi cele mai bune servicii posibile.<\/p><\/div>\n<\/div>\n<\/div>\n<\/div><\/div>\n\n\n\n<div class=\"wp-block-uagb-container uagb-block-780a1f8e alignfull uagb-is-root-container\"><div class=\"uagb-container-inner-blocks-wrap\">\n<div class=\"wp-block-uagb-image alignleft uagb-block-8f1bc4f7 wp-block-uagb-image--layout-default wp-block-uagb-image--effect-static wp-block-uagb-image--align-left\"><figure class=\"wp-block-uagb-image__figure\"><img decoding=\"async\" srcset=\"https:\/\/vrtilitoimisto.fi\/wp-content\/uploads\/2024\/07\/pexels-photo-6863175.jpeg ,https:\/\/vrtilitoimisto.fi\/wp-content\/uploads\/2024\/07\/pexels-photo-6863175.jpeg 780w, https:\/\/vrtilitoimisto.fi\/wp-content\/uploads\/2024\/07\/pexels-photo-6863175.jpeg 360w\" sizes=\"auto, (max-width: 480px) 150px\" src=\"https:\/\/vrtilitoimisto.fi\/wp-content\/uploads\/2024\/07\/pexels-photo-6863175.jpeg\" alt=\"\" class=\"uag-image-11\" width=\"560\" height=\"450\" title=\"\" loading=\"lazy\" role=\"img\"\/><\/figure><\/div>\n\n\n\n<div class=\"wp-block-uagb-container uagb-block-d27083e4\">\n<div class=\"wp-block-uagb-info-box uagb-block-8498e7f2 uagb-infobox__content-wrap  uagb-infobox-icon-above-title uagb-infobox-image-valign-top\"><div class=\"uagb-ifb-content\"><div class=\"uagb-ifb-title-wrap\"><p class=\"uagb-ifb-title-prefix\">Cine suntem?<\/p><h2 class=\"uagb-ifb-title\">Sa ne cunoastem<\/h2><\/div><p class=\"uagb-ifb-desc\">Biroul de Contabilitate VR a fost fondat \u00een 2021 \u0219i suntem specializati \u00een furnizarea de asisten\u021b\u0103 contabil\u0103 de \u00eenalt\u0103 calitate pentru diverse industrii.<\/p><div class=\"uagb-ifb-button-wrapper wp-block-button\"><a href=\"\/ro\/about-us\/\" class=\"uagb-infobox-cta-link wp-block-button__link\" target=\"_self\" rel=\"noopener noreferrer\" onclick=\"return true;\"><span class=\"uagb-inline-editing\">Citeste mai mult<\/span><\/a><\/div><\/div><\/div>\n<\/div>\n<\/div><\/div>\n\n\n\n<div class=\"wp-block-uagb-container uagb-block-ae412d97 alignfull uagb-is-root-container\"><div class=\"uagb-container-inner-blocks-wrap\">\n<div class=\"wp-block-uagb-advanced-heading uagb-block-1ab9713e\"><div class=\"uagb-heading-text\">Ce oferim<\/div><\/div>\n\n\n\n<div class=\"wp-block-uagb-advanced-heading uagb-block-986c2436\"><h2 class=\"uagb-heading-text\">Serviciile oferite<\/h2><\/div>\n\n\n\n<div class=\"wp-block-uagb-container uagb-block-01d73708\">\n<div class=\"wp-block-uagb-container uagb-block-045c2440\">\n<div class=\"wp-block-uagb-image alignleft uagb-block-f7a633db wp-block-uagb-image--layout-default wp-block-uagb-image--effect-static wp-block-uagb-image--align-left\"><figure class=\"wp-block-uagb-image__figure\"><img decoding=\"async\" srcset=\"https:\/\/vrtilitoimisto.fi\/wp-content\/uploads\/2024\/07\/pexels-photo-6801680.jpeg ,https:\/\/vrtilitoimisto.fi\/wp-content\/uploads\/2024\/07\/pexels-photo-6801680.jpeg 780w, https:\/\/vrtilitoimisto.fi\/wp-content\/uploads\/2024\/07\/pexels-photo-6801680.jpeg 360w\" sizes=\"auto, (max-width: 480px) 150px\" src=\"https:\/\/vrtilitoimisto.fi\/wp-content\/uploads\/2024\/07\/pexels-photo-6801680.jpeg\" alt=\"\" class=\"uag-image-12\" width=\"366\" height=\"330\" title=\"\" loading=\"lazy\" role=\"img\"\/><\/figure><\/div>\n\n\n\n<div class=\"wp-block-uagb-info-box uagb-block-37892873 uagb-infobox__content-wrap  uagb-infobox-icon-above-title uagb-infobox-image-valign-top\"><div class=\"uagb-ifb-content\"><div class=\"uagb-ifb-title-wrap\"><h3 class=\"uagb-ifb-title\">Contabilitate&amp;Facturare<\/h3><\/div><p class=\"uagb-ifb-desc\">Servicii complete de contabilitate \u0219i facturare pentru \u00eentreprinderi mici \u0219i mijlocii.<\/p><div class=\"uagb-ifb-button-wrapper wp-block-button\"><a href=\"\/ro\/offerings\/\" class=\"uagb-infobox-cta-link wp-block-button__link\" target=\"_self\" rel=\"noopener noreferrer\" onclick=\"return true;\"><span class=\"uagb-inline-editing\">Citeste mai mult<\/span><\/a><\/div><\/div><\/div>\n<\/div>\n\n\n\n<div class=\"wp-block-uagb-container uagb-block-badbb219\">\n<div class=\"wp-block-uagb-image alignleft uagb-block-d53ac889 wp-block-uagb-image--layout-default wp-block-uagb-image--effect-static wp-block-uagb-image--align-left\"><figure class=\"wp-block-uagb-image__figure\"><img decoding=\"async\" srcset=\"https:\/\/vrtilitoimisto.fi\/wp-content\/uploads\/2024\/07\/pexels-photo-8296981.jpeg ,https:\/\/vrtilitoimisto.fi\/wp-content\/uploads\/2024\/07\/pexels-photo-8296981.jpeg 780w, https:\/\/vrtilitoimisto.fi\/wp-content\/uploads\/2024\/07\/pexels-photo-8296981.jpeg 360w\" sizes=\"auto, (max-width: 480px) 150px\" src=\"https:\/\/vrtilitoimisto.fi\/wp-content\/uploads\/2024\/07\/pexels-photo-8296981.jpeg\" alt=\"\" class=\"uag-image-13\" width=\"366\" height=\"330\" title=\"\" loading=\"lazy\" role=\"img\"\/><\/figure><\/div>\n\n\n\n<div class=\"wp-block-uagb-info-box uagb-block-38d12367 uagb-infobox__content-wrap  uagb-infobox-icon-above-title uagb-infobox-image-valign-top\"><div class=\"uagb-ifb-content\"><div class=\"uagb-ifb-title-wrap\"><h3 class=\"uagb-ifb-title\">Consultan\u021b\u0103 fiscal\u0103<\/h3><\/div><p class=\"uagb-ifb-desc\">Consultan\u021b\u0103 fiscal\u0103 de specialitate \u0219i \u00eentocmirea declara\u021biilor fiscale pentru diverse forme de afaceri.<\/p><div class=\"uagb-ifb-button-wrapper wp-block-button\"><a href=\"\/ro\/offerings\/\" class=\"uagb-infobox-cta-link wp-block-button__link\" target=\"_self\" rel=\"noopener noreferrer\" onclick=\"return true;\"><span class=\"uagb-inline-editing\">Citeste mai mult<\/span><\/a><\/div><\/div><\/div>\n<\/div>\n\n\n\n<div class=\"wp-block-uagb-container uagb-block-575c80d7\">\n<div class=\"wp-block-uagb-image alignleft uagb-block-fd7f2425 wp-block-uagb-image--layout-default wp-block-uagb-image--effect-static wp-block-uagb-image--align-left\"><figure class=\"wp-block-uagb-image__figure\"><img decoding=\"async\" srcset=\"https:\/\/vrtilitoimisto.fi\/wp-content\/uploads\/2024\/07\/pexels-photo-8296991.jpeg ,https:\/\/vrtilitoimisto.fi\/wp-content\/uploads\/2024\/07\/pexels-photo-8296991.jpeg 780w, https:\/\/vrtilitoimisto.fi\/wp-content\/uploads\/2024\/07\/pexels-photo-8296991.jpeg 360w\" sizes=\"auto, (max-width: 480px) 150px\" src=\"https:\/\/vrtilitoimisto.fi\/wp-content\/uploads\/2024\/07\/pexels-photo-8296991.jpeg\" alt=\"\" class=\"uag-image-14\" width=\"366\" height=\"330\" title=\"\" loading=\"lazy\" role=\"img\"\/><\/figure><\/div>\n\n\n\n<div class=\"wp-block-uagb-info-box uagb-block-42b4809b uagb-infobox__content-wrap  uagb-infobox-icon-above-title uagb-infobox-image-valign-top\"><div class=\"uagb-ifb-content\"><div class=\"uagb-ifb-title-wrap\"><h3 class=\"uagb-ifb-title\">Servicii de calculare a salariilor<\/h3><\/div><p class=\"uagb-ifb-desc\">Servicii de externalizare a salariz\u0103rii, procese de salarizare precise \u0219i fiabile.<\/p><div class=\"uagb-ifb-button-wrapper wp-block-button\"><a href=\"\/ro\/offerings\/\" class=\"uagb-infobox-cta-link wp-block-button__link\" target=\"_self\" rel=\"noopener noreferrer\" onclick=\"return true;\"><span class=\"uagb-inline-editing\">Citeste mai mult<\/span><\/a><\/div><\/div><\/div>\n<\/div>\n<\/div>\n<\/div><\/div>\n\n\n\n<div class=\"wp-block-uagb-container uagb-block-6493d0aa alignfull uagb-is-root-container\"><div class=\"uagb-container-inner-blocks-wrap\">\n<div class=\"wp-block-uagb-advanced-heading uagb-block-1f9aaa50\"><div class=\"uagb-heading-text\">Experien\u021bele clien\u021bilor<\/div><\/div>\n\n\n\n<div class=\"wp-block-uagb-advanced-heading uagb-block-58951306\"><h2 class=\"uagb-heading-text\">Ce spun clientii nostrii<\/h2><\/div>\n\n\n\n<div class=\"wp-block-uagb-container uagb-block-4e1b4377\">\n<div class=\"wp-block-uagb-container uagb-block-bdbe1eb6\">\n<div class=\"wp-block-uagb-star-rating uagb-block-0cbc3375\"><div class=\"uag-star-rating\" title=\"5\/5\"><span class=\"uag-star\">\u2605<\/span><span class=\"uag-star\">\u2605<\/span><span class=\"uag-star\">\u2605<\/span><span class=\"uag-star\">\u2605<\/span><span class=\"uag-star\">\u2605<\/span><\/div><\/div>\n\n\n\n<div class=\"wp-block-uagb-testimonial uagb-slick-carousel uagb-tm__arrow-outside uagb-block-7f34555a uagb-post__carousel_notset uagb-post__carousel_notset-tablet uagb-post__carousel_notset-mobile\"><div class=\"is-carousel uagb-tm__columns-1 uagb-tm__items\"><div class=\"uagb-testimonial__wrap  uagb-tm__imgicon-style-circle uagb-tm__image-position-bottom uagb-tm__bg-type-none\"><div class=\"uagb-tm__content\"><div class=\"uagb-tm__overlay\"><\/div><div class=\"uagb-tm__text-wrap\"><div class=\"uagb-tm__desc\">Serviciu excelent, personal profesionist \u0219i prietenos. Recomand cu siguran\u021b\u0103!<\/div><div class=\"uagb-tm__meta-inner\"><div class=\"uagb-tm__image-content\"><div class=\"uagb-tm__image\"><img decoding=\"async\" class=\"uagb-tm-img-src\" src=\"https:\/\/vrtilitoimisto.fi\/wp-content\/uploads\/2023\/08\/testimonial-skip-01.jpg\" alt=\"\" width=\"60\" height=\"60\" loading=\"lazy\"\/><\/div><\/div><div class=\"uagb-testimonial-details\"><span class=\"uagb-tm__author-name\">Matti Meik\u00e4l\u00e4inen<\/span><span class=\"uagb-tm__company\">Business Owner<\/span><\/div><\/div><\/div><\/div><\/div><\/div><\/div>\n<\/div>\n\n\n\n<div class=\"wp-block-uagb-container uagb-block-5b46cc89\">\n<div class=\"wp-block-uagb-star-rating uagb-block-b6299df0\"><div class=\"uag-star-rating\" title=\"5\/5\"><span class=\"uag-star\">\u2605<\/span><span class=\"uag-star\">\u2605<\/span><span class=\"uag-star\">\u2605<\/span><span class=\"uag-star\">\u2605<\/span><span class=\"uag-star\">\u2605<\/span><\/div><\/div>\n\n\n\n<div class=\"wp-block-uagb-testimonial uagb-slick-carousel uagb-tm__arrow-outside uagb-block-5ecb544a uagb-post__carousel_notset uagb-post__carousel_notset-tablet uagb-post__carousel_notset-mobile\"><div class=\"is-carousel uagb-tm__columns-1 uagb-tm__items\"><div class=\"uagb-testimonial__wrap  uagb-tm__imgicon-style-circle uagb-tm__image-position-bottom uagb-tm__bg-type-none\"><div class=\"uagb-tm__content\"><div class=\"uagb-tm__overlay\"><\/div><div class=\"uagb-tm__text-wrap\"><div class=\"uagb-tm__desc\">O firm\u0103 de contabilitate excelent\u0103 care gestioneaz\u0103 problemele eficient \u0219i fiabil. Mul\u021bumesc, recomand cu c\u0103ldur\u0103!<\/div><div class=\"uagb-tm__meta-inner\"><div class=\"uagb-tm__image-content\"><div class=\"uagb-tm__image\"><img decoding=\"async\" class=\"uagb-tm-img-src\" src=\"https:\/\/vrtilitoimisto.fi\/wp-content\/uploads\/2023\/08\/testimonial-skip-02.jpg\" alt=\"\" width=\"60\" height=\"60\" loading=\"lazy\"\/><\/div><\/div><div class=\"uagb-testimonial-details\"><span class=\"uagb-tm__author-name\">Helena Virtanen<\/span><span class=\"uagb-tm__company\">Business Owner<\/span><\/div><\/div><\/div><\/div><\/div><\/div><\/div>\n<\/div>\n<\/div>\n<\/div><\/div>\n\n\n\n<div class=\"wp-block-uagb-container uagb-block-20a41ee1 alignfull uagb-is-root-container\"><div class=\"uagb-container-inner-blocks-wrap\">\n<div class=\"wp-block-uagb-image alignleft uagb-block-3914175c wp-block-uagb-image--layout-default wp-block-uagb-image--effect-static wp-block-uagb-image--align-left\"><figure class=\"wp-block-uagb-image__figure\"><img decoding=\"async\" srcset=\"https:\/\/vrtilitoimisto.fi\/wp-content\/uploads\/2024\/07\/pexels-photo-5196821.jpeg ,https:\/\/vrtilitoimisto.fi\/wp-content\/uploads\/2024\/07\/pexels-photo-5196821.jpeg 780w, https:\/\/vrtilitoimisto.fi\/wp-content\/uploads\/2024\/07\/pexels-photo-5196821.jpeg 360w\" sizes=\"auto, (max-width: 480px) 150px\" src=\"https:\/\/vrtilitoimisto.fi\/wp-content\/uploads\/2024\/07\/pexels-photo-5196821.jpeg\" alt=\"\" class=\"uag-image-15\" width=\"560\" height=\"500\" title=\"\" loading=\"lazy\" role=\"img\"\/><\/figure><\/div>\n\n\n\n<div class=\"wp-block-uagb-container uagb-block-655a6293\">\n<div class=\"wp-block-uagb-advanced-heading uagb-block-9c99fc57\"><div class=\"uagb-heading-text\">Avantaje<\/div><\/div>\n\n\n\n<div class=\"wp-block-uagb-advanced-heading uagb-block-011e80d1\"><h2 class=\"uagb-heading-text\">Valoarea noastr\u0103 este calitatea oferita<\/h2><p class=\"uagb-desc-text\">Ne specializ\u0103m continuu \u00een a oferii clien\u021bilor no\u0219tri servicii contabile superioare, combinate cu o experien\u021b\u0103 de top pentru clien\u021bi.<\/p><\/div>\n\n\n\n<div class=\"wp-block-uagb-icon-list uagb-block-85841d5b\"><div class=\"uagb-icon-list__wrap\">\n<div class=\"wp-block-uagb-icon-list-child uagb-block-50444aed\"><span class=\"uagb-icon-list__source-wrap\"><svg xmlns=\"https:\/\/www.w3.org\/2000\/svg\" viewbox=\"0 0 512 512\"><path d=\"M0 256C0 114.6 114.6 0 256 0C397.4 0 512 114.6 512 256C512 397.4 397.4 512 256 512C114.6 512 0 397.4 0 256zM371.8 211.8C382.7 200.9 382.7 183.1 371.8 172.2C360.9 161.3 343.1 161.3 332.2 172.2L224 280.4L179.8 236.2C168.9 225.3 151.1 225.3 140.2 236.2C129.3 247.1 129.3 264.9 140.2 275.8L204.2 339.8C215.1 350.7 232.9 350.7 243.8 339.8L371.8 211.8z\"><\/path><\/svg><\/span><span class=\"uagb-icon-list__label\">Orientati spre solu\u021bii<\/span><\/div>\n\n\n\n<div class=\"wp-block-uagb-icon-list-child uagb-block-117573da\"><span class=\"uagb-icon-list__source-wrap\"><svg xmlns=\"https:\/\/www.w3.org\/2000\/svg\" viewbox=\"0 0 512 512\"><path d=\"M0 256C0 114.6 114.6 0 256 0C397.4 0 512 114.6 512 256C512 397.4 397.4 512 256 512C114.6 512 0 397.4 0 256zM371.8 211.8C382.7 200.9 382.7 183.1 371.8 172.2C360.9 161.3 343.1 161.3 332.2 172.2L224 280.4L179.8 236.2C168.9 225.3 151.1 225.3 140.2 236.2C129.3 247.1 129.3 264.9 140.2 275.8L204.2 339.8C215.1 350.7 232.9 350.7 243.8 339.8L371.8 211.8z\"><\/path><\/svg><\/span><span class=\"uagb-icon-list__label\">Flexibilitate<\/span><\/div>\n\n\n\n<div class=\"wp-block-uagb-icon-list-child uagb-block-d1d479ba\"><span class=\"uagb-icon-list__source-wrap\"><svg xmlns=\"https:\/\/www.w3.org\/2000\/svg\" viewbox=\"0 0 512 512\"><path d=\"M0 256C0 114.6 114.6 0 256 0C397.4 0 512 114.6 512 256C512 397.4 397.4 512 256 512C114.6 512 0 397.4 0 256zM371.8 211.8C382.7 200.9 382.7 183.1 371.8 172.2C360.9 161.3 343.1 161.3 332.2 172.2L224 280.4L179.8 236.2C168.9 225.3 151.1 225.3 140.2 236.2C129.3 247.1 129.3 264.9 140.2 275.8L204.2 339.8C215.1 350.7 232.9 350.7 243.8 339.8L371.8 211.8z\"><\/path><\/svg><\/span><span class=\"uagb-icon-list__label\">Inovatie<\/span><\/div>\n<\/div><\/div>\n<\/div>\n<\/div><\/div>\n\n\n\n<div class=\"wp-block-uagb-container uagb-block-43f78ea6 alignfull uagb-is-root-container\"><div class=\"uagb-container-inner-blocks-wrap\">\n<div class=\"wp-block-uagb-info-box uagb-block-52cbc377 uagb-infobox__content-wrap  uagb-infobox-icon-above-title uagb-infobox-image-valign-top\"><div class=\"uagb-ifb-content\"><div class=\"uagb-ifb-title-wrap\"><h2 class=\"uagb-ifb-title\">Contacta\u0163i-ne<\/h2><\/div><p class=\"uagb-ifb-desc\">A\u021bi dori s\u0103 discut\u0103m mai multe despre nevoile dumneavoastr\u0103? Nu ezita\u021bi s\u0103 contacta\u021bi echipa noastr\u0103 de exper\u021bi \u0219i s\u0103 \u00eencepe\u021bi s\u0103 lucra\u021bi cu noi.<\/p><\/div><\/div>\n\n\n\n<div class=\"wp-block-uagb-buttons uagb-buttons__outer-wrap uagb-btn__default-btn uagb-btn-tablet__default-btn uagb-btn-mobile__default-btn uagb-block-f4d2bfe9\"><div class=\"uagb-buttons__wrap uagb-buttons-layout-wrap\">\n<div class=\"wp-block-uagb-buttons-child uagb-buttons__outer-wrap uagb-block-1b3b52ed wp-block-button\"><div class=\"uagb-button__wrapper\"><a class=\"uagb-buttons-repeater wp-block-button__link\" aria-label=\"\" href=\"\/ro\/contact\/\" rel=\"follow noopener\" target=\"_self\"><div class=\"uagb-button__link\">Incepe acum<\/div><\/a><\/div><\/div>\n<\/div><\/div>\n<\/div><\/div>","protected":false},"excerpt":{"rendered":"<p>Meid\u00e4n vahvuudet Meid\u00e4n ainutlaatuiset arvot 01. Tarkkuus Takaamme virheett\u00f6m\u00e4n laskentaty\u00f6n jokaisella kerralla, jotta voit keskitty\u00e4 liiketoimintaasi. 02. Asiakaspalvelu Tarjoamme yst\u00e4v\u00e4llist\u00e4 ja ammattimaista asiakaspalvelua, joka on aina valmiina auttamaan sinua. 03. Luotettavuus Luotamme pitk\u00e4aikaiseen kokemukseemme ja osaamiseemme, jotta voimme tarjota sinulle parasta mahdollista palvelua. Mit\u00e4 tarjoamme Palvelumme sinulle Asiakaskokemukset Asiakkaidemme sanoin Edut Ainutlaatuinen arvomme Erikoistumme tarjoamaan [&hellip;]<\/p>\n","protected":false},"author":1,"featured_media":0,"parent":0,"menu_order":0,"comment_status":"closed","ping_status":"closed","template":"","meta":{"om_disable_all_campaigns":false,"_uag_custom_page_level_css":"","_monsterinsights_skip_tracking":false,"_monsterinsights_sitenote_active":false,"_monsterinsights_sitenote_note":"","_monsterinsights_sitenote_category":0,"site-sidebar-layout":"no-sidebar","site-content-layout":"plain-container","ast-site-content-layout":"normal-width-container","site-content-style":"unboxed","site-sidebar-style":"unboxed","ast-global-header-display":"","ast-banner-title-visibility":"","ast-main-header-display":"","ast-hfb-above-header-display":"","ast-hfb-below-header-display":"","ast-hfb-mobile-header-display":"","site-post-title":"disabled","ast-breadcrumbs-content":"","ast-featured-img":"","footer-sml-layout":"","ast-disable-related-posts":"","theme-transparent-header-meta":"","adv-header-id-meta":"","stick-header-meta":"","header-above-stick-meta":"","header-main-stick-meta":"","header-below-stick-meta":"","astra-migrate-meta-layouts":"set","ast-page-background-enabled":"default","ast-page-background-meta":{"desktop":{"background-color":"var(--ast-global-color-4)","background-image":"","background-repeat":"repeat","background-position":"center center","background-size":"auto","background-attachment":"scroll","background-type":"","background-media":"","overlay-type":"","overlay-color":"","overlay-opacity":"","overlay-gradient":""},"tablet":{"background-color":"","background-image":"","background-repeat":"repeat","background-position":"center center","background-size":"auto","background-attachment":"scroll","background-type":"","background-media":"","overlay-type":"","overlay-color":"","overlay-opacity":"","overlay-gradient":""},"mobile":{"background-color":"","background-image":"","background-repeat":"repeat","background-position":"center center","background-size":"auto","background-attachment":"scroll","background-type":"","background-media":"","overlay-type":"","overlay-color":"","overlay-opacity":"","overlay-gradient":""}},"ast-content-background-meta":{"desktop":{"background-color":"var(--ast-global-color-5)","background-image":"","background-repeat":"repeat","background-position":"center center","background-size":"auto","background-attachment":"scroll","background-type":"","background-media":"","overlay-type":"","overlay-color":"","overlay-opacity":"","overlay-gradient":""},"tablet":{"background-color":"var(--ast-global-color-5)","background-image":"","background-repeat":"repeat","background-position":"center center","background-size":"auto","background-attachment":"scroll","background-type":"","background-media":"","overlay-type":"","overlay-color":"","overlay-opacity":"","overlay-gradient":""},"mobile":{"background-color":"var(--ast-global-color-5)","background-image":"","background-repeat":"repeat","background-position":"center center","background-size":"auto","background-attachment":"scroll","background-type":"","background-media":"","overlay-type":"","overlay-color":"","overlay-opacity":"","overlay-gradient":""}},"footnotes":""},"class_list":["post-1330","page","type-page","status-publish","hentry"],"aioseo_notices":[],"uagb_featured_image_src":{"full":false,"thumbnail":false,"medium":false,"medium_large":false,"large":false,"1536x1536":false,"2048x2048":false,"trp-custom-language-flag":false},"uagb_author_info":{"display_name":"VRtilitoimisto","author_link":"https:\/\/vrtilitoimisto.fi\/ro\/author\/eugenboglaruyahoo-com\/"},"uagb_comment_info":0,"uagb_excerpt":"Meid\u00e4n vahvuudet Meid\u00e4n ainutlaatuiset arvot 01. Tarkkuus Takaamme virheett\u00f6m\u00e4n laskentaty\u00f6n jokaisella kerralla, jotta voit keskitty\u00e4 liiketoimintaasi. 02. Asiakaspalvelu Tarjoamme yst\u00e4v\u00e4llist\u00e4 ja ammattimaista asiakaspalvelua, joka on aina valmiina auttamaan sinua. 03. Luotettavuus Luotamme pitk\u00e4aikaiseen kokemukseemme ja osaamiseemme, jotta voimme tarjota sinulle parasta mahdollista palvelua. Mit\u00e4 tarjoamme Palvelumme sinulle Asiakaskokemukset Asiakkaidemme sanoin Edut Ainutlaatuinen arvomme Erikoistumme tarjoamaan&hellip;","_links":{"self":[{"href":"https:\/\/vrtilitoimisto.fi\/ro\/wp-json\/wp\/v2\/pages\/1330","targetHints":{"allow":["GET"]}}],"collection":[{"href":"https:\/\/vrtilitoimisto.fi\/ro\/wp-json\/wp\/v2\/pages"}],"about":[{"href":"https:\/\/vrtilitoimisto.fi\/ro\/wp-json\/wp\/v2\/types\/page"}],"author":[{"embeddable":true,"href":"https:\/\/vrtilitoimisto.fi\/ro\/wp-json\/wp\/v2\/users\/1"}],"replies":[{"embeddable":true,"href":"https:\/\/vrtilitoimisto.fi\/ro\/wp-json\/wp\/v2\/comments?post=1330"}],"version-history":[{"count":6,"href":"https:\/\/vrtilitoimisto.fi\/ro\/wp-json\/wp\/v2\/pages\/1330\/revisions"}],"predecessor-version":[{"id":1395,"href":"https:\/\/vrtilitoimisto.fi\/ro\/wp-json\/wp\/v2\/pages\/1330\/revisions\/1395"}],"wp:attachment":[{"href":"https:\/\/vrtilitoimisto.fi\/ro\/wp-json\/wp\/v2\/media?parent=1330"}],"curies":[{"name":"wp","href":"https:\/\/api.w.org\/{rel}","templated":true}]}}